{"id":190,"date":"2025-07-14T06:31:56","date_gmt":"2025-07-14T06:31:56","guid":{"rendered":"https:\/\/nbqxhy.com\/?page_id=190"},"modified":"2025-12-26T11:50:20","modified_gmt":"2025-12-26T11:50:20","slug":"faq","status":"publish","type":"page","link":"https:\/\/www.nbqxhy.com\/pt\/faq.html","title":{"rendered":"FAQ"},"content":{"rendered":"<section class=\"l-section wpb_row us_custom_67a57cdd height_medium\"><div class=\"l-section-overlay\" style=\"background:rgba(0, 0, 0, 0.3)\"><\/div><div class=\"l-section-h i-cf\"><div class=\"g-cols vc_row via_grid cols_1 laptops-cols_inherit tablets-cols_inherit mobiles-cols_1 valign_middle type_default stacking_default\"><div class=\"wpb_column vc_column_container\"><div class=\"vc_column-inner\"><h1 class=\"w-text us_custom_fa097b28 has_text_color\"><span class=\"ez-toc-section\" id=\"FAQ\"><\/span><span class=\"w-text-h\"><span class=\"w-text-value\">FAQ<\/span><\/span><span class=\"ez-toc-section-end\"><\/span><\/h1><\/div><\/div><\/div><\/div><\/section><section class=\"l-section wpb_row height_medium width_custom\" style=\"--site-content-width:1200px;\"><div class=\"l-section-h i-cf\"><div class=\"g-cols vc_row via_grid cols_1 laptops-cols_inherit tablets-cols_inherit mobiles-cols_1 valign_top type_default stacking_default\"><div class=\"wpb_column vc_column_container\"><div class=\"vc_column-inner\"><h3 class=\"w-text us_custom_a06389fe has_text_color\"><span class=\"ez-toc-section\" id=\"Frequently_Asked_Question\"><\/span><span class=\"w-text-h\"><span class=\"w-text-value\">Perguntas frequentes<\/span><\/span><span class=\"ez-toc-section-end\"><\/span><\/h3><div class=\"wpb_text_column us_custom_fd78cb51\"><div class=\"wpb_wrapper\"><p><span>Seguem-se algumas perguntas frequentes sobre a nossa empresa<\/span><\/p>\n<\/div><\/div><div class=\"w-separator size_medium\"><\/div><div class=\"w-tabs us_custom_9c71341e style_default switch_click accordion type_togglable has_scrolling\" style=\"--sections-title-size:inherit\"><div class=\"w-tabs-sections titles-align_none icon_plus cpos_right\"><div class=\"w-tabs-section\" id=\"cd93\"><button class=\"w-tabs-section-header\" aria-controls=\"content-cd93\" aria-expanded=\"false\"><div class=\"w-tabs-section-title\">1. \u00c9 um fabricante ou uma empresa comercial?<\/div><div class=\"w-tabs-section-control\"><\/div><\/button><div  class=\"w-tabs-section-content\" id=\"content-cd93\"><div class=\"w-tabs-section-content-h i-cf\"><div class=\"wpb_text_column us_custom_da7ceeb3\"><div class=\"wpb_wrapper\"><p><span>N\u00f3s somos o fabricante e temos a nossa pr\u00f3pria f\u00e1brica.<\/span><\/p>\n<\/div><\/div><\/div><\/div><\/div><div class=\"w-tabs-section\" id=\"med7\"><button class=\"w-tabs-section-header\" aria-controls=\"content-med7\" aria-expanded=\"false\"><div class=\"w-tabs-section-title\">2. Qual \u00e9 o seu pre\u00e7o?<\/div><div class=\"w-tabs-section-control\"><\/div><\/button><div  class=\"w-tabs-section-content\" id=\"content-med7\"><div class=\"w-tabs-section-content-h i-cf\"><div class=\"wpb_text_column us_custom_da7ceeb3\"><div class=\"wpb_wrapper\"><p><span>De acordo com os diferentes produtos, materiais, tamanhos e at\u00e9 MOQ, os nossos pre\u00e7os s\u00e3o diferentes. De qualquer forma, o nosso pre\u00e7o \u00e9 muito competitivo.<\/span><u><span>\u00a0<\/span><a href=\"https:\/\/www.nbqxhy.com\/pt\/contact.html\/\" target=\"_blank\" rel=\"noopener\"><span>Se desejar obter a lista de pre\u00e7os mais recente, contacte-me.\u00a0<\/span><\/a><\/u><\/p>\n<\/div><\/div><\/div><\/div><\/div><div class=\"w-tabs-section\" id=\"bfee\"><button class=\"w-tabs-section-header\" aria-controls=\"content-bfee\" aria-expanded=\"false\"><div class=\"w-tabs-section-title\">3. Que produto \u00e9 que a sua empresa produz?<\/div><div class=\"w-tabs-section-control\"><\/div><\/button><div  class=\"w-tabs-section-content\" id=\"content-bfee\"><div class=\"w-tabs-section-content-h i-cf\"><div class=\"wpb_text_column us_custom_da7ceeb3\"><div class=\"wpb_wrapper\"><p><span>Fabricamos principalmente tipos de v\u00e1lvulas de pl\u00e1stico e tubos de pl\u00e1stico, acess\u00f3rios de pl\u00e1stico. Tamb\u00e9m desenvolvemos produtos de irriga\u00e7\u00e3o em grupo para apoiar as vendas. Al\u00e9m disso, abriremos novos moldes e servi\u00e7os personalizados de acordo com as necessidades do mercado dos clientes. <u><a href=\"\/pt\/all-products.html\/\" target=\"_blank\" rel=\"noopener\">Clique nele para obter mais informa\u00e7\u00f5es sobre o produto.\u00a0<\/a><\/u><\/span><\/p>\n<\/div><\/div><\/div><\/div><\/div><div class=\"w-tabs-section\" id=\"h0eb\"><button class=\"w-tabs-section-header\" aria-controls=\"content-h0eb\" aria-expanded=\"false\"><div class=\"w-tabs-section-title\">4. Aceitam OEM?<\/div><div class=\"w-tabs-section-control\"><\/div><\/button><div  class=\"w-tabs-section-content\" id=\"content-h0eb\"><div class=\"w-tabs-section-content-h i-cf\"><div class=\"wpb_text_column us_custom_da7ceeb3\"><div class=\"wpb_wrapper\"><p><span>Sim, aceitamos OEM. Gravamos marcas registadas, imprimimos marcas registadas a laser e fornecemos embalagem de caixa a cores, design de caixa a cores, design de embalagem, servi\u00e7o de paletes e f\u00f3rmulas de material de produto de acordo com as necessidades do cliente. A f\u00f3rmula do material do produto tamb\u00e9m pode ser substitu\u00edda de acordo com os diferentes requisitos de utiliza\u00e7\u00e3o.<\/span><\/p>\n<\/div><\/div><\/div><\/div><\/div><div class=\"w-tabs-section\" id=\"c1cc\"><button class=\"w-tabs-section-header\" aria-controls=\"content-c1cc\" aria-expanded=\"false\"><div class=\"w-tabs-section-title\">5. Fornecem uma amostra?<\/div><div class=\"w-tabs-section-control\"><\/div><\/button><div  class=\"w-tabs-section-content\" id=\"content-c1cc\"><div class=\"w-tabs-section-content-h i-cf\"><div class=\"wpb_text_column us_custom_da7ceeb3\"><div class=\"wpb_wrapper\"><p><span>Fornecemos amostras gr\u00e1tis.\u00a0<\/span><\/p>\n<\/div><\/div><\/div><\/div><\/div><div class=\"w-tabs-section\" id=\"h2dc\"><button class=\"w-tabs-section-header\" aria-controls=\"content-h2dc\" aria-expanded=\"false\"><div class=\"w-tabs-section-title\">6. Tem um MOQ?<\/div><div class=\"w-tabs-section-control\"><\/div><\/button><div  class=\"w-tabs-section-content\" id=\"content-h2dc\"><div class=\"w-tabs-section-content-h i-cf\"><div class=\"wpb_text_column us_custom_da7ceeb3\"><div class=\"wpb_wrapper\"><p><span>Sim, 10 caixas de cada tamanho, ou ajustar de acordo com a quantidade total da encomenda. Se tiver outras quest\u00f5es, n\u00e3o se preocupe,\u00a0<\/span><u><a href=\"https:\/\/www.nbqxhy.com\/pt\/contact.html\/\" target=\"_blank\" rel=\"noopener\"><span>envie-nos uma mensagem de correio eletr\u00f3nico, para que possamos fornecer-lhe a melhor solu\u00e7\u00e3o.\u00a0<\/span><\/a><\/u><\/p>\n<\/div><\/div><\/div><\/div><\/div><div class=\"w-tabs-section\" id=\"j3e8\"><button class=\"w-tabs-section-header\" aria-controls=\"content-j3e8\" aria-expanded=\"false\"><div class=\"w-tabs-section-title\">7. Pode fornecer documentos relacionados?<\/div><div class=\"w-tabs-section-control\"><\/div><\/button><div  class=\"w-tabs-section-content\" id=\"content-j3e8\"><div class=\"w-tabs-section-content-h i-cf\"><div class=\"wpb_text_column us_custom_da7ceeb3\"><div class=\"wpb_wrapper\"><p><span>Sim, podemos fornecer ficheiros de certificados se precisar deles. Claro que sim,\u00a0<\/span><u><a href=\"https:\/\/www.nbqxhy.com\/pt\/download.html\/\" target=\"_blank\" rel=\"noopener\"><span>tamb\u00e9m pode descarregar os nossos documentos.\u00a0<\/span><\/a><\/u><\/p>\n<\/div><\/div><\/div><\/div><\/div><div class=\"w-tabs-section\" id=\"i4d1\"><button class=\"w-tabs-section-header\" aria-controls=\"content-i4d1\" aria-expanded=\"false\"><div class=\"w-tabs-section-title\">8. Qual \u00e9 o vosso prazo de entrega?<\/div><div class=\"w-tabs-section-control\"><\/div><\/button><div  class=\"w-tabs-section-content\" id=\"content-i4d1\"><div class=\"w-tabs-section-content-h i-cf\"><div class=\"wpb_text_column us_custom_da7ceeb3\"><div class=\"wpb_wrapper\"><p><span>O nosso prazo de entrega \u00e9 de 25-50 dias. Depende da sua necessidade.<\/span><\/p>\n<\/div><\/div><\/div><\/div><\/div><div class=\"w-tabs-section\" id=\"k71a\"><button class=\"w-tabs-section-header\" aria-controls=\"content-k71a\" aria-expanded=\"false\"><div class=\"w-tabs-section-title\">9. E os custos de envio?<\/div><div class=\"w-tabs-section-control\"><\/div><\/button><div  class=\"w-tabs-section-content\" id=\"content-k71a\"><div class=\"w-tabs-section-content-h i-cf\"><div class=\"wpb_text_column us_custom_da7ceeb3\"><div class=\"wpb_wrapper\"><p><span>N\u00f3s fornecemos entrega expressa, transporte a\u00e9reo, transporte mar\u00edtimo para o porto, servi\u00e7o porta a porta. Compararemos profissionalmente o frete mar\u00edtimo para os clientes escolherem. Para grandes quantidades de encomendas, o frete mar\u00edtimo \u00e9 a melhor escolha.\u00a0<\/span><u><a href=\"https:\/\/www.nbqxhy.com\/pt\/contact.html\/\" target=\"_blank\" rel=\"noopener\"><span>Por favor, indique-me os produtos e a quantidade de que necessita, para que possamos fornecer-lhe o plano de envio mais econ\u00f3mico.<\/span><\/a><\/u><\/p>\n<\/div><\/div><\/div><\/div><\/div><div class=\"w-tabs-section\" id=\"t819\"><button class=\"w-tabs-section-header\" aria-controls=\"content-t819\" aria-expanded=\"false\"><div class=\"w-tabs-section-title\">10. Quais s\u00e3o as condi\u00e7\u00f5es de pagamento aceites?<\/div><div class=\"w-tabs-section-control\"><\/div><\/button><div  class=\"w-tabs-section-content\" id=\"content-t819\"><div class=\"w-tabs-section-content-h i-cf\"><div class=\"wpb_text_column us_custom_da7ceeb3\"><div class=\"wpb_wrapper\"><p><span>L\/C, T\/T, Western Union, Paypal est\u00e3o dispon\u00edveis.<\/span><\/p>\n<\/div><\/div><\/div><\/div><\/div><div class=\"w-tabs-section\" id=\"h990\"><button class=\"w-tabs-section-header\" aria-controls=\"content-h990\" aria-expanded=\"false\"><div class=\"w-tabs-section-title\">11. Como resolver o problema da qualidade?<\/div><div class=\"w-tabs-section-control\"><\/div><\/button><div  class=\"w-tabs-section-content\" id=\"content-h990\"><div class=\"w-tabs-section-content-h i-cf\"><div class=\"wpb_text_column us_custom_da7ceeb3\"><div class=\"wpb_wrapper\"><p><span>Antes de a encomenda ser produzida, pesquisamos as necessidades e os requisitos espec\u00edficos do cliente e executamos a encomenda de acordo com a procura desde o in\u00edcio. As amostras tamb\u00e9m ser\u00e3o enviadas aos clientes para confirmar a qualidade.<\/span><\/p>\n<p><span>Inspeccionamos rigorosamente os produtos durante o processo de produ\u00e7\u00e3o. Por conseguinte, a qualidade do produto \u00e9 garantida. Naturalmente, se o produto que receber n\u00e3o corresponder \u00e0s suas necessidades, cooperaremos ativamente, substituiremos ou compensaremos. <\/span><\/p>\n<p><span>A honestidade, a atitude respons\u00e1vel e a aten\u00e7\u00e3o s\u00e3o os nossos compromissos constantes.<\/span><\/p>\n<p><u><a href=\"https:\/\/www.nbqxhy.com\/pt\/contact.html\/\" target=\"_blank\" rel=\"noopener\"><span>Se estiver interessado em saber como inspeccionamos os produtos, contacte-nos, teremos todo o prazer em partilhar esta informa\u00e7\u00e3o.<\/span><\/a><\/u><\/p>\n<\/div><\/div><\/div><\/div><\/div><div class=\"w-tabs-section\" id=\"tab7\"><button class=\"w-tabs-section-header\" aria-controls=\"content-tab7\" aria-expanded=\"false\"><div class=\"w-tabs-section-title\">12. Disp\u00f5em de um servi\u00e7o personalizado?<\/div><div class=\"w-tabs-section-control\"><\/div><\/button><div  class=\"w-tabs-section-content\" id=\"content-tab7\"><div class=\"w-tabs-section-content-h i-cf\"><div class=\"wpb_text_column us_custom_da7ceeb3\"><div class=\"wpb_wrapper\"><p><span>Sim, posso personalizar os produtos de acordo com as necessidades do cliente.<\/span><br \/>\n<span>Temos muitos casos de projectos personalizados,\u00a0<\/span><u><a href=\"https:\/\/www.nbqxhy.com\/pt\/contact.html\/\" target=\"_blank\" rel=\"noopener\"><span>contacte-me para saber mais detalhes.\u00a0<\/span><\/a><\/u><\/p>\n<\/div><\/div><\/div><\/div><\/div><div class=\"w-tabs-section\" id=\"lbe8\"><button class=\"w-tabs-section-header\" aria-controls=\"content-lbe8\" aria-expanded=\"false\"><div class=\"w-tabs-section-title\">13. Se n\u00e3o conseguir encontrar o produto que pretendo no vosso s\u00edtio Web, o que devo fazer?<\/div><div class=\"w-tabs-section-control\"><\/div><\/button><div  class=\"w-tabs-section-content\" id=\"content-lbe8\"><div class=\"w-tabs-section-content-h i-cf\"><div class=\"wpb_text_column us_custom_da7ceeb3\"><div class=\"wpb_wrapper\"><p><span>O nosso s\u00edtio Web ainda est\u00e1 a ser atualizado, pelo que a lista de produtos n\u00e3o \u00e9 exaustiva.\u00a0<\/span><u><a href=\"https:\/\/www.nbqxhy.com\/pt\/contact.html\/\" target=\"_blank\" rel=\"noopener\"><span>Indique-me o produto de que necessita<\/span><\/a><\/u><span>e eu dar-lhe-ei mais informa\u00e7\u00f5es.<\/span><\/p>\n<p><span>Al\u00e9m disso, para o produto que n\u00e3o temos, fornecemos servi\u00e7o de apoio \u00e0 aquisi\u00e7\u00e3o para os nossos clientes. Por isso, n\u00e3o se preocupe, obter\u00e1 o produto que deseja.\u00a0<\/span><\/p>\n<\/div><\/div><\/div><\/div><\/div><div class=\"w-tabs-section\" id=\"ucb7\"><button class=\"w-tabs-section-header\" aria-controls=\"content-ucb7\" aria-expanded=\"false\"><div class=\"w-tabs-section-title\">14. Posso ser vosso distribuidor?<\/div><div class=\"w-tabs-section-control\"><\/div><\/button><div  class=\"w-tabs-section-content\" id=\"content-ucb7\"><div class=\"w-tabs-section-content-h i-cf\"><div class=\"wpb_text_column us_custom_da7ceeb3\"><div class=\"wpb_wrapper\"><p><span>Sim, temos todo o gosto em colaborar com clientes de todo o mundo.<\/span><\/p>\n<\/div><\/div><\/div><\/div><\/div><div class=\"w-tabs-section\" id=\"zd72\"><button class=\"w-tabs-section-header\" aria-controls=\"content-zd72\" aria-expanded=\"false\"><div class=\"w-tabs-section-title\">15. Qual \u00e9 o endere\u00e7o da vossa empresa?<\/div><div class=\"w-tabs-section-control\"><\/div><\/button><div  class=\"w-tabs-section-content\" id=\"content-zd72\"><div class=\"w-tabs-section-content-h i-cf\"><div class=\"wpb_text_column us_custom_da7ceeb3\"><div class=\"wpb_wrapper\"><p><span>A nossa empresa est\u00e1 localizada na prov\u00edncia de Ningbo Zhejiang, China.<\/span><\/p>\n<\/div><\/div><\/div><\/div><\/div><div class=\"w-tabs-section\" id=\"eeb4\"><button class=\"w-tabs-section-header\" aria-controls=\"content-eeb4\" aria-expanded=\"false\"><div class=\"w-tabs-section-title\">16. Como posso contact\u00e1-lo?<\/div><div class=\"w-tabs-section-control\"><\/div><\/button><div  class=\"w-tabs-section-content\" id=\"content-eeb4\"><div class=\"w-tabs-section-content-h i-cf\"><div class=\"wpb_text_column us_custom_da7ceeb3\"><div class=\"wpb_wrapper\"><p><span>Pode\u00a0<\/span><u><a href=\"https:\/\/www.nbqxhy.com\/pt\/contact.html\/\" target=\"_blank\" rel=\"noopener\"><span>enviar-nos uma mensagem de correio eletr\u00f3nico\u00a0<\/span><\/a><\/u><span>a qualquer momento para colocar qualquer quest\u00e3o, responder-lhe-emos no mais curto espa\u00e7o de tempo poss\u00edvel.<\/span> <span>Correio eletr\u00f3nico:\u00a0<a href=\"mailto:sales@nbqxhy.com\">sales@nbqxhy.com<\/a><\/span> WhatsAapp<span>: <a href=\"https:\/\/wa.me\/8618867873336\">+86-18867873336<\/a><\/span><\/p>\n<\/div><\/div><\/div><\/div><\/div><\/div><\/div><\/div><\/div><\/div><\/div><\/section>","protected":false},"excerpt":{"rendered":"FAQPerguntas frequentesAbaixo est\u00e3o algumas perguntas comuns sobre a nossa empresa 1. \u00c9 um fabricante ou uma empresa comercial? N\u00f3s somos o fabricante e temos a nossa pr\u00f3pria f\u00e1brica. 2. Qual \u00e9 o vosso pre\u00e7o? De acordo com os diferentes produtos, materiais, tamanhos e at\u00e9 MOQ, os nossos pre\u00e7os s\u00e3o diferentes. De qualquer forma, o nosso pre\u00e7o \u00e9 muito competitivo. Por favor contacte-me se quiser...","protected":false},"author":1,"featured_media":0,"parent":0,"menu_order":0,"comment_status":"closed","ping_status":"closed","template":"","meta":{"_acf_changed":false,"footnotes":""},"class_list":["post-190","page","type-page","status-publish","hentry"],"acf":[],"_links":{"self":[{"href":"https:\/\/www.nbqxhy.com\/pt\/wp-json\/wp\/v2\/pages\/190","targetHints":{"allow":["GET"]}}],"collection":[{"href":"https:\/\/www.nbqxhy.com\/pt\/wp-json\/wp\/v2\/pages"}],"about":[{"href":"https:\/\/www.nbqxhy.com\/pt\/wp-json\/wp\/v2\/types\/page"}],"author":[{"embeddable":true,"href":"https:\/\/www.nbqxhy.com\/pt\/wp-json\/wp\/v2\/users\/1"}],"replies":[{"embeddable":true,"href":"https:\/\/www.nbqxhy.com\/pt\/wp-json\/wp\/v2\/comments?post=190"}],"version-history":[{"count":17,"href":"https:\/\/www.nbqxhy.com\/pt\/wp-json\/wp\/v2\/pages\/190\/revisions"}],"predecessor-version":[{"id":2849,"href":"https:\/\/www.nbqxhy.com\/pt\/wp-json\/wp\/v2\/pages\/190\/revisions\/2849"}],"wp:attachment":[{"href":"https:\/\/www.nbqxhy.com\/pt\/wp-json\/wp\/v2\/media?parent=190"}],"curies":[{"name":"wp","href":"https:\/\/api.w.org\/{rel}","templated":true}]}}