{"id":190,"date":"2025-07-14T06:31:56","date_gmt":"2025-07-14T06:31:56","guid":{"rendered":"https:\/\/nbqxhy.com\/?page_id=190"},"modified":"2025-12-26T11:50:20","modified_gmt":"2025-12-26T11:50:20","slug":"faq","status":"publish","type":"page","link":"https:\/\/www.nbqxhy.com\/fr\/faq.html","title":{"rendered":"FAQ"},"content":{"rendered":"<section class=\"l-section wpb_row us_custom_67a57cdd height_medium\"><div class=\"l-section-overlay\" style=\"background:rgba(0, 0, 0, 0.3)\"><\/div><div class=\"l-section-h i-cf\"><div class=\"g-cols vc_row via_grid cols_1 laptops-cols_inherit tablets-cols_inherit mobiles-cols_1 valign_middle type_default stacking_default\"><div class=\"wpb_column vc_column_container\"><div class=\"vc_column-inner\"><h1 class=\"w-text us_custom_fa097b28 has_text_color\"><span class=\"ez-toc-section\" id=\"FAQ\"><\/span><span class=\"w-text-h\"><span class=\"w-text-value\">FAQ<\/span><\/span><span class=\"ez-toc-section-end\"><\/span><\/h1><\/div><\/div><\/div><\/div><\/section><section class=\"l-section wpb_row height_medium width_custom\" style=\"--site-content-width:1200px;\"><div class=\"l-section-h i-cf\"><div class=\"g-cols vc_row via_grid cols_1 laptops-cols_inherit tablets-cols_inherit mobiles-cols_1 valign_top type_default stacking_default\"><div class=\"wpb_column vc_column_container\"><div class=\"vc_column-inner\"><h3 class=\"w-text us_custom_a06389fe has_text_color\"><span class=\"ez-toc-section\" id=\"Frequently_Asked_Question\"><\/span><span class=\"w-text-h\"><span class=\"w-text-value\">Questions fr\u00e9quemment pos\u00e9es<\/span><\/span><span class=\"ez-toc-section-end\"><\/span><\/h3><div class=\"wpb_text_column us_custom_fd78cb51\"><div class=\"wpb_wrapper\"><p><span>Voici quelques questions courantes sur notre entreprise<\/span><\/p>\n<\/div><\/div><div class=\"w-separator size_medium\"><\/div><div class=\"w-tabs us_custom_9c71341e style_default switch_click accordion type_togglable has_scrolling\" style=\"--sections-title-size:inherit\"><div class=\"w-tabs-sections titles-align_none icon_plus cpos_right\"><div class=\"w-tabs-section\" id=\"waf9\"><button class=\"w-tabs-section-header\" aria-controls=\"content-waf9\" aria-expanded=\"false\"><div class=\"w-tabs-section-title\">1. \u00cates-vous un fabricant ou une soci\u00e9t\u00e9 commerciale ?<\/div><div class=\"w-tabs-section-control\"><\/div><\/button><div  class=\"w-tabs-section-content\" id=\"content-waf9\"><div class=\"w-tabs-section-content-h i-cf\"><div class=\"wpb_text_column us_custom_da7ceeb3\"><div class=\"wpb_wrapper\"><p><span>Nous sommes le fabricant et poss\u00e9dons notre propre usine.<\/span><\/p>\n<\/div><\/div><\/div><\/div><\/div><div class=\"w-tabs-section\" id=\"kc27\"><button class=\"w-tabs-section-header\" aria-controls=\"content-kc27\" aria-expanded=\"false\"><div class=\"w-tabs-section-title\">2. Quel est votre prix ?<\/div><div class=\"w-tabs-section-control\"><\/div><\/button><div  class=\"w-tabs-section-content\" id=\"content-kc27\"><div class=\"w-tabs-section-content-h i-cf\"><div class=\"wpb_text_column us_custom_da7ceeb3\"><div class=\"wpb_wrapper\"><p><span>Nos prix varient en fonction des produits, des mat\u00e9riaux, des tailles et m\u00eame de la quantit\u00e9 demand\u00e9e. Quoi qu'il en soit, nos prix sont tr\u00e8s comp\u00e9titifs.<\/span><u><span>\u00a0<\/span><a href=\"https:\/\/www.nbqxhy.com\/fr\/contact.html\/\" target=\"_blank\" rel=\"noopener\"><span>N'h\u00e9sitez pas \u00e0 me contacter si vous souhaitez obtenir la derni\u00e8re liste de prix.\u00a0<\/span><\/a><\/u><\/p>\n<\/div><\/div><\/div><\/div><\/div><div class=\"w-tabs-section\" id=\"od40\"><button class=\"w-tabs-section-header\" aria-controls=\"content-od40\" aria-expanded=\"false\"><div class=\"w-tabs-section-title\">3. Quel produit votre entreprise fabrique-t-elle ?<\/div><div class=\"w-tabs-section-control\"><\/div><\/button><div  class=\"w-tabs-section-content\" id=\"content-od40\"><div class=\"w-tabs-section-content-h i-cf\"><div class=\"wpb_text_column us_custom_da7ceeb3\"><div class=\"wpb_wrapper\"><p><span>Nous fabriquons principalement des types de vannes et de tuyaux en plastique, ainsi que des raccords en plastique. Nous d\u00e9veloppons \u00e9galement des produits d'irrigation de groupe pour soutenir les ventes. En outre, nous cr\u00e9erons de nouveaux moules et des services personnalis\u00e9s en fonction des besoins du march\u00e9 des clients. <u><a href=\"\/fr\/all-products.html\/\" target=\"_blank\" rel=\"noopener\">Cliquez dessus pour obtenir plus de d\u00e9tails sur le produit.\u00a0<\/a><\/u><\/span><\/p>\n<\/div><\/div><\/div><\/div><\/div><div class=\"w-tabs-section\" id=\"je18\"><button class=\"w-tabs-section-header\" aria-controls=\"content-je18\" aria-expanded=\"false\"><div class=\"w-tabs-section-title\">4. Acceptez-vous les OEM ?<\/div><div class=\"w-tabs-section-control\"><\/div><\/button><div  class=\"w-tabs-section-content\" id=\"content-je18\"><div class=\"w-tabs-section-content-h i-cf\"><div class=\"wpb_text_column us_custom_da7ceeb3\"><div class=\"wpb_wrapper\"><p><span>Oui, nous acceptons les OEM. Nous gravons les marques, nous imprimons les marques au laser et nous fournissons un emballage en bo\u00eete de couleur, une conception de bo\u00eete de couleur, une conception d'emballage, un service de palettes et des formules de mat\u00e9riaux de produits en fonction des besoins du client. La formule du mat\u00e9riau du produit peut \u00e9galement \u00eatre remplac\u00e9e en fonction des diff\u00e9rentes exigences d'utilisation.<\/span><\/p>\n<\/div><\/div><\/div><\/div><\/div><div class=\"w-tabs-section\" id=\"uee7\"><button class=\"w-tabs-section-header\" aria-controls=\"content-uee7\" aria-expanded=\"false\"><div class=\"w-tabs-section-title\">5. Fournissez-vous un \u00e9chantillon ?<\/div><div class=\"w-tabs-section-control\"><\/div><\/button><div  class=\"w-tabs-section-content\" id=\"content-uee7\"><div class=\"w-tabs-section-content-h i-cf\"><div class=\"wpb_text_column us_custom_da7ceeb3\"><div class=\"wpb_wrapper\"><p><span>Nous fournissons des \u00e9chantillons gratuits.\u00a0<\/span><\/p>\n<\/div><\/div><\/div><\/div><\/div><div class=\"w-tabs-section\" id=\"ofd6\"><button class=\"w-tabs-section-header\" aria-controls=\"content-ofd6\" aria-expanded=\"false\"><div class=\"w-tabs-section-title\">6. Disposez-vous d'une QMOS ?<\/div><div class=\"w-tabs-section-control\"><\/div><\/button><div  class=\"w-tabs-section-content\" id=\"content-ofd6\"><div class=\"w-tabs-section-content-h i-cf\"><div class=\"wpb_text_column us_custom_da7ceeb3\"><div class=\"wpb_wrapper\"><p><span>Oui, 10 bo\u00eetes de chaque taille, ou ajuster en fonction de la quantit\u00e9 totale de la commande. Si vous avez d'autres questions, ne vous inqui\u00e9tez pas,\u00a0<\/span><u><a href=\"https:\/\/www.nbqxhy.com\/fr\/contact.html\/\" target=\"_blank\" rel=\"noopener\"><span>veuillez nous envoyer un courriel, nous pourrons vous fournir la meilleure solution.\u00a0<\/span><\/a><\/u><\/p>\n<\/div><\/div><\/div><\/div><\/div><div class=\"w-tabs-section\" id=\"k0cf\"><button class=\"w-tabs-section-header\" aria-controls=\"content-k0cf\" aria-expanded=\"false\"><div class=\"w-tabs-section-title\">7. Pouvez-vous fournir des documents connexes ?<\/div><div class=\"w-tabs-section-control\"><\/div><\/button><div  class=\"w-tabs-section-content\" id=\"content-k0cf\"><div class=\"w-tabs-section-content-h i-cf\"><div class=\"wpb_text_column us_custom_da7ceeb3\"><div class=\"wpb_wrapper\"><p><span>Oui, nous pouvons vous fournir des fichiers de certificats si vous en avez besoin. Bien entendu,\u00a0<\/span><u><a href=\"https:\/\/www.nbqxhy.com\/fr\/download.html\/\" target=\"_blank\" rel=\"noopener\"><span>vous pouvez \u00e9galement t\u00e9l\u00e9charger nos documents.\u00a0<\/span><\/a><\/u><\/p>\n<\/div><\/div><\/div><\/div><\/div><div class=\"w-tabs-section\" id=\"r199\"><button class=\"w-tabs-section-header\" aria-controls=\"content-r199\" aria-expanded=\"false\"><div class=\"w-tabs-section-title\">8. Quel est votre d\u00e9lai de livraison ?<\/div><div class=\"w-tabs-section-control\"><\/div><\/button><div  class=\"w-tabs-section-content\" id=\"content-r199\"><div class=\"w-tabs-section-content-h i-cf\"><div class=\"wpb_text_column us_custom_da7ceeb3\"><div class=\"wpb_wrapper\"><p><span>Notre d\u00e9lai de livraison est de 25 \u00e0 50 jours. Il d\u00e9pend de vos besoins.<\/span><\/p>\n<\/div><\/div><\/div><\/div><\/div><div class=\"w-tabs-section\" id=\"w28e\"><button class=\"w-tabs-section-header\" aria-controls=\"content-w28e\" aria-expanded=\"false\"><div class=\"w-tabs-section-title\">9. Qu'en est-il des frais d'exp\u00e9dition ?<\/div><div class=\"w-tabs-section-control\"><\/div><\/button><div  class=\"w-tabs-section-content\" id=\"content-w28e\"><div class=\"w-tabs-section-content-h i-cf\"><div class=\"wpb_text_column us_custom_da7ceeb3\"><div class=\"wpb_wrapper\"><p><span>Nous fournissons des services de livraison express, de transport a\u00e9rien, d'exp\u00e9dition maritime au port, de porte \u00e0 porte. Nous comparerons professionnellement le fret maritime pour que les clients puissent faire leur choix. Pour les commandes de grandes quantit\u00e9s, le transport maritime est le meilleur choix.\u00a0<\/span><u><a href=\"https:\/\/www.nbqxhy.com\/fr\/contact.html\/\" target=\"_blank\" rel=\"noopener\"><span>Veuillez m'indiquer les produits et la quantit\u00e9 dont vous avez besoin, afin que nous puissions vous proposer le plan d'exp\u00e9dition le plus abordable.<\/span><\/a><\/u><\/p>\n<\/div><\/div><\/div><\/div><\/div><div class=\"w-tabs-section\" id=\"f34d\"><button class=\"w-tabs-section-header\" aria-controls=\"content-f34d\" aria-expanded=\"false\"><div class=\"w-tabs-section-title\">10. Quelles sont les conditions de paiement que vous acceptez ?<\/div><div class=\"w-tabs-section-control\"><\/div><\/button><div  class=\"w-tabs-section-content\" id=\"content-f34d\"><div class=\"w-tabs-section-content-h i-cf\"><div class=\"wpb_text_column us_custom_da7ceeb3\"><div class=\"wpb_wrapper\"><p><span>L\/C, T\/T, Western Union, Paypal sont disponibles.<\/span><\/p>\n<\/div><\/div><\/div><\/div><\/div><div class=\"w-tabs-section\" id=\"m48f\"><button class=\"w-tabs-section-header\" aria-controls=\"content-m48f\" aria-expanded=\"false\"><div class=\"w-tabs-section-title\">11. Comment r\u00e9soudre le probl\u00e8me de la qualit\u00e9 ?<\/div><div class=\"w-tabs-section-control\"><\/div><\/button><div  class=\"w-tabs-section-content\" id=\"content-m48f\"><div class=\"w-tabs-section-content-h i-cf\"><div class=\"wpb_text_column us_custom_da7ceeb3\"><div class=\"wpb_wrapper\"><p><span>Avant de passer commande, nous \u00e9tudions les besoins et exigences sp\u00e9cifiques du client et ex\u00e9cutons la commande en fonction de la demande d\u00e8s le d\u00e9part. Des \u00e9chantillons sont \u00e9galement envoy\u00e9s aux clients pour confirmer la qualit\u00e9.<\/span><\/p>\n<p><span>Nous inspectons strictement les produits au cours du processus de production. La qualit\u00e9 du produit est donc garantie. Bien entendu, si le produit que vous recevez ne r\u00e9pond pas \u00e0 vos exigences, nous coop\u00e9rerons activement, nous le remplacerons ou nous le d\u00e9dommagerons. <\/span><\/p>\n<p><span>L'honn\u00eatet\u00e9, l'attitude responsable et la pr\u00e9venance sont nos engagements constants.<\/span><\/p>\n<p><u><a href=\"https:\/\/www.nbqxhy.com\/fr\/contact.html\/\" target=\"_blank\" rel=\"noopener\"><span>Si vous souhaitez savoir comment nous inspectons les produits, n'h\u00e9sitez pas \u00e0 nous contacter, nous serons ravis de vous en faire part.<\/span><\/a><\/u><\/p>\n<\/div><\/div><\/div><\/div><\/div><div class=\"w-tabs-section\" id=\"j58e\"><button class=\"w-tabs-section-header\" aria-controls=\"content-j58e\" aria-expanded=\"false\"><div class=\"w-tabs-section-title\">12. Avez-vous un service personnalis\u00e9 ?<\/div><div class=\"w-tabs-section-control\"><\/div><\/button><div  class=\"w-tabs-section-content\" id=\"content-j58e\"><div class=\"w-tabs-section-content-h i-cf\"><div class=\"wpb_text_column us_custom_da7ceeb3\"><div class=\"wpb_wrapper\"><p><span>Oui, je peux personnaliser les produits en fonction des besoins du client.<\/span><br \/>\n<span>Nous avons beaucoup de cas de projets personnalis\u00e9s,\u00a0<\/span><u><a href=\"https:\/\/www.nbqxhy.com\/fr\/contact.html\/\" target=\"_blank\" rel=\"noopener\"><span>veuillez me contacter pour plus de d\u00e9tails.\u00a0<\/span><\/a><\/u><\/p>\n<\/div><\/div><\/div><\/div><\/div><div class=\"w-tabs-section\" id=\"i6a1\"><button class=\"w-tabs-section-header\" aria-controls=\"content-i6a1\" aria-expanded=\"false\"><div class=\"w-tabs-section-title\">13. Si je ne trouve pas le produit que je souhaite sur votre site web, que dois-je faire ?<\/div><div class=\"w-tabs-section-control\"><\/div><\/button><div  class=\"w-tabs-section-content\" id=\"content-i6a1\"><div class=\"w-tabs-section-content-h i-cf\"><div class=\"wpb_text_column us_custom_da7ceeb3\"><div class=\"wpb_wrapper\"><p><span>Notre site web \u00e9tant encore en cours de mise \u00e0 jour, la liste des produits n'est pas exhaustive.\u00a0<\/span><u><a href=\"https:\/\/www.nbqxhy.com\/fr\/contact.html\/\" target=\"_blank\" rel=\"noopener\"><span>Veuillez m'indiquer le produit dont vous avez besoin<\/span><\/a><\/u><span>et je vous donnerai plus d'informations.<\/span><\/p>\n<p><span>En outre, pour les produits que nous ne poss\u00e9dons pas, nous fournissons \u00e0 nos clients un service d'assistance \u00e0 l'achat. Ne vous inqui\u00e9tez donc pas, vous obtiendrez le produit que vous souhaitez.\u00a0<\/span><\/p>\n<\/div><\/div><\/div><\/div><\/div><div class=\"w-tabs-section\" id=\"o767\"><button class=\"w-tabs-section-header\" aria-controls=\"content-o767\" aria-expanded=\"false\"><div class=\"w-tabs-section-title\">14. Puis-je \u00eatre votre distributeur ?<\/div><div class=\"w-tabs-section-control\"><\/div><\/button><div  class=\"w-tabs-section-content\" id=\"content-o767\"><div class=\"w-tabs-section-content-h i-cf\"><div class=\"wpb_text_column us_custom_da7ceeb3\"><div class=\"wpb_wrapper\"><p><span>Oui, nous sommes tr\u00e8s heureux de coop\u00e9rer avec des clients du monde entier.<\/span><\/p>\n<\/div><\/div><\/div><\/div><\/div><div class=\"w-tabs-section\" id=\"u81f\"><button class=\"w-tabs-section-header\" aria-controls=\"content-u81f\" aria-expanded=\"false\"><div class=\"w-tabs-section-title\">15. Quelle est l'adresse de votre entreprise ?<\/div><div class=\"w-tabs-section-control\"><\/div><\/button><div  class=\"w-tabs-section-content\" id=\"content-u81f\"><div class=\"w-tabs-section-content-h i-cf\"><div class=\"wpb_text_column us_custom_da7ceeb3\"><div class=\"wpb_wrapper\"><p><span>Notre soci\u00e9t\u00e9 est situ\u00e9e dans la province de Ningbo Zhejiang, en Chine.<\/span><\/p>\n<\/div><\/div><\/div><\/div><\/div><div class=\"w-tabs-section\" id=\"f94d\"><button class=\"w-tabs-section-header\" aria-controls=\"content-f94d\" aria-expanded=\"false\"><div class=\"w-tabs-section-title\">16. Comment puis-je vous contacter ?<\/div><div class=\"w-tabs-section-control\"><\/div><\/button><div  class=\"w-tabs-section-content\" id=\"content-f94d\"><div class=\"w-tabs-section-content-h i-cf\"><div class=\"wpb_text_column us_custom_da7ceeb3\"><div class=\"wpb_wrapper\"><p><span>Vous pouvez\u00a0<\/span><u><a href=\"https:\/\/www.nbqxhy.com\/fr\/contact.html\/\" target=\"_blank\" rel=\"noopener\"><span>envoyez-nous un courriel\u00a0<\/span><\/a><\/u><span>\u00e0 tout moment pour poser des questions, nous vous r\u00e9pondrons dans les plus brefs d\u00e9lais.<\/span> <span>Courriel :\u00a0<a href=\"mailto:sales@nbqxhy.com\">sales@nbqxhy.com<\/a><\/span> WhatsAapp<span>: <a href=\"https:\/\/wa.me\/8618867873336\">+86-18867873336<\/a><\/span><\/p>\n<\/div><\/div><\/div><\/div><\/div><\/div><\/div><\/div><\/div><\/div><\/div><\/section>","protected":false},"excerpt":{"rendered":"FAQQuestions fr\u00e9quemment pos\u00e9esVoici quelques questions courantes sur notre soci\u00e9t\u00e9 1. \u00cates-vous un fabricant ou une soci\u00e9t\u00e9 commerciale ? Nous sommes un fabricant et poss\u00e9dons notre propre usine. 2. Quels sont vos prix ? Nos prix varient en fonction des produits, des mat\u00e9riaux, des tailles et m\u00eame de la quantit\u00e9 demand\u00e9e. Quoi qu'il en soit, nos prix sont tr\u00e8s comp\u00e9titifs. Veuillez me contacter si vous voulez...","protected":false},"author":1,"featured_media":0,"parent":0,"menu_order":0,"comment_status":"closed","ping_status":"closed","template":"","meta":{"_acf_changed":false,"footnotes":""},"class_list":["post-190","page","type-page","status-publish","hentry"],"acf":[],"_links":{"self":[{"href":"https:\/\/www.nbqxhy.com\/fr\/wp-json\/wp\/v2\/pages\/190","targetHints":{"allow":["GET"]}}],"collection":[{"href":"https:\/\/www.nbqxhy.com\/fr\/wp-json\/wp\/v2\/pages"}],"about":[{"href":"https:\/\/www.nbqxhy.com\/fr\/wp-json\/wp\/v2\/types\/page"}],"author":[{"embeddable":true,"href":"https:\/\/www.nbqxhy.com\/fr\/wp-json\/wp\/v2\/users\/1"}],"replies":[{"embeddable":true,"href":"https:\/\/www.nbqxhy.com\/fr\/wp-json\/wp\/v2\/comments?post=190"}],"version-history":[{"count":17,"href":"https:\/\/www.nbqxhy.com\/fr\/wp-json\/wp\/v2\/pages\/190\/revisions"}],"predecessor-version":[{"id":2849,"href":"https:\/\/www.nbqxhy.com\/fr\/wp-json\/wp\/v2\/pages\/190\/revisions\/2849"}],"wp:attachment":[{"href":"https:\/\/www.nbqxhy.com\/fr\/wp-json\/wp\/v2\/media?parent=190"}],"curies":[{"name":"wp","href":"https:\/\/api.w.org\/{rel}","templated":true}]}}