{"id":190,"date":"2025-07-14T06:31:56","date_gmt":"2025-07-14T06:31:56","guid":{"rendered":"https:\/\/nbqxhy.com\/?page_id=190"},"modified":"2025-12-26T11:50:20","modified_gmt":"2025-12-26T11:50:20","slug":"faq","status":"publish","type":"page","link":"https:\/\/www.nbqxhy.com\/es\/faq.html","title":{"rendered":"PREGUNTAS FRECUENTES"},"content":{"rendered":"<section class=\"l-section wpb_row us_custom_67a57cdd height_medium\"><div class=\"l-section-overlay\" style=\"background:rgba(0, 0, 0, 0.3)\"><\/div><div class=\"l-section-h i-cf\"><div class=\"g-cols vc_row via_grid cols_1 laptops-cols_inherit tablets-cols_inherit mobiles-cols_1 valign_middle type_default stacking_default\"><div class=\"wpb_column vc_column_container\"><div class=\"vc_column-inner\"><h1 class=\"w-text us_custom_fa097b28 has_text_color\"><span class=\"ez-toc-section\" id=\"FAQ\"><\/span><span class=\"w-text-h\"><span class=\"w-text-value\">PREGUNTAS FRECUENTES<\/span><\/span><span class=\"ez-toc-section-end\"><\/span><\/h1><\/div><\/div><\/div><\/div><\/section><section class=\"l-section wpb_row height_medium width_custom\" style=\"--site-content-width:1200px;\"><div class=\"l-section-h i-cf\"><div class=\"g-cols vc_row via_grid cols_1 laptops-cols_inherit tablets-cols_inherit mobiles-cols_1 valign_top type_default stacking_default\"><div class=\"wpb_column vc_column_container\"><div class=\"vc_column-inner\"><h3 class=\"w-text us_custom_a06389fe has_text_color\"><span class=\"ez-toc-section\" id=\"Frequently_Asked_Question\"><\/span><span class=\"w-text-h\"><span class=\"w-text-value\">Preguntas frecuentes<\/span><\/span><span class=\"ez-toc-section-end\"><\/span><\/h3><div class=\"wpb_text_column us_custom_fd78cb51\"><div class=\"wpb_wrapper\"><p><span>A continuaci\u00f3n figuran algunas preguntas frecuentes sobre nuestra empresa<\/span><\/p>\n<\/div><\/div><div class=\"w-separator size_medium\"><\/div><div class=\"w-tabs us_custom_9c71341e style_default switch_click accordion type_togglable has_scrolling\" style=\"--sections-title-size:inherit\"><div class=\"w-tabs-sections titles-align_none icon_plus cpos_right\"><div class=\"w-tabs-section\" id=\"ha6c\"><button class=\"w-tabs-section-header\" aria-controls=\"content-ha6c\" aria-expanded=\"false\"><div class=\"w-tabs-section-title\">1. \u00bfEs usted fabricante o empresa comercial?<\/div><div class=\"w-tabs-section-control\"><\/div><\/button><div  class=\"w-tabs-section-content\" id=\"content-ha6c\"><div class=\"w-tabs-section-content-h i-cf\"><div class=\"wpb_text_column us_custom_da7ceeb3\"><div class=\"wpb_wrapper\"><p><span>Somos fabricantes y tenemos nuestra propia f\u00e1brica.<\/span><\/p>\n<\/div><\/div><\/div><\/div><\/div><div class=\"w-tabs-section\" id=\"kb93\"><button class=\"w-tabs-section-header\" aria-controls=\"content-kb93\" aria-expanded=\"false\"><div class=\"w-tabs-section-title\">2. \u00bfCu\u00e1l es su precio?<\/div><div class=\"w-tabs-section-control\"><\/div><\/button><div  class=\"w-tabs-section-content\" id=\"content-kb93\"><div class=\"w-tabs-section-content-h i-cf\"><div class=\"wpb_text_column us_custom_da7ceeb3\"><div class=\"wpb_wrapper\"><p><span>Seg\u00fan los diferentes productos, materiales, tama\u00f1os e incluso MOQ, nuestros precios son diferentes. De todos modos, nuestro precio es muy competitivo.<\/span><u><span>\u00a0<\/span><a href=\"https:\/\/www.nbqxhy.com\/es\/contact.html\/\" target=\"_blank\" rel=\"noopener\"><span>P\u00f3ngase en contacto conmigo si desea obtener la \u00faltima lista de precios.\u00a0<\/span><\/a><\/u><\/p>\n<\/div><\/div><\/div><\/div><\/div><div class=\"w-tabs-section\" id=\"lc94\"><button class=\"w-tabs-section-header\" aria-controls=\"content-lc94\" aria-expanded=\"false\"><div class=\"w-tabs-section-title\">3. \u00bfQu\u00e9 producto fabrica su empresa?<\/div><div class=\"w-tabs-section-control\"><\/div><\/button><div  class=\"w-tabs-section-content\" id=\"content-lc94\"><div class=\"w-tabs-section-content-h i-cf\"><div class=\"wpb_text_column us_custom_da7ceeb3\"><div class=\"wpb_wrapper\"><p><span>Fabricamos principalmente tipos de v\u00e1lvulas de pl\u00e1stico y tuber\u00edas de pl\u00e1stico, accesorios de pl\u00e1stico. Tambi\u00e9n desarrollamos productos de riego en grupo para apoyar las ventas. Adem\u00e1s, vamos a abrir nuevo molde y servicio personalizado de acuerdo a las necesidades del mercado de los clientes. <u><a href=\"\/es\/all-products.html\/\" target=\"_blank\" rel=\"noopener\">Haga clic para obtener m\u00e1s informaci\u00f3n sobre el producto.\u00a0<\/a><\/u><\/span><\/p>\n<\/div><\/div><\/div><\/div><\/div><div class=\"w-tabs-section\" id=\"yd6c\"><button class=\"w-tabs-section-header\" aria-controls=\"content-yd6c\" aria-expanded=\"false\"><div class=\"w-tabs-section-title\">4. \u00bfAceptan OEM?<\/div><div class=\"w-tabs-section-control\"><\/div><\/button><div  class=\"w-tabs-section-content\" id=\"content-yd6c\"><div class=\"w-tabs-section-content-h i-cf\"><div class=\"wpb_text_column us_custom_da7ceeb3\"><div class=\"wpb_wrapper\"><p><span>S\u00ed, aceptamos OEM. Grabaremos marcas comerciales, imprimiremos marcas comerciales con l\u00e1ser y proporcionaremos embalaje en caja de color, dise\u00f1o de caja de color, dise\u00f1o de embalaje, servicio de palet y f\u00f3rmulas de material del producto seg\u00fan las necesidades del cliente. La f\u00f3rmula del material del producto tambi\u00e9n puede sustituirse seg\u00fan los diferentes requisitos de uso.<\/span><\/p>\n<\/div><\/div><\/div><\/div><\/div><div class=\"w-tabs-section\" id=\"be30\"><button class=\"w-tabs-section-header\" aria-controls=\"content-be30\" aria-expanded=\"false\"><div class=\"w-tabs-section-title\">5. \u00bfProporciona una muestra?<\/div><div class=\"w-tabs-section-control\"><\/div><\/button><div  class=\"w-tabs-section-content\" id=\"content-be30\"><div class=\"w-tabs-section-content-h i-cf\"><div class=\"wpb_text_column us_custom_da7ceeb3\"><div class=\"wpb_wrapper\"><p><span>Ofrecemos muestras gratuitas.\u00a0<\/span><\/p>\n<\/div><\/div><\/div><\/div><\/div><div class=\"w-tabs-section\" id=\"uf32\"><button class=\"w-tabs-section-header\" aria-controls=\"content-uf32\" aria-expanded=\"false\"><div class=\"w-tabs-section-title\">6. \u00bfTiene un MOQ?<\/div><div class=\"w-tabs-section-control\"><\/div><\/button><div  class=\"w-tabs-section-content\" id=\"content-uf32\"><div class=\"w-tabs-section-content-h i-cf\"><div class=\"wpb_text_column us_custom_da7ceeb3\"><div class=\"wpb_wrapper\"><p><span>S\u00ed, 10 cajas de cada tama\u00f1o, o ajustar seg\u00fan la cantidad total del pedido. Si tiene otras preguntas, no se preocupe,\u00a0<\/span><u><a href=\"https:\/\/www.nbqxhy.com\/es\/contact.html\/\" target=\"_blank\" rel=\"noopener\"><span>env\u00edenos un correo electr\u00f3nico, podemos ofrecerle la mejor soluci\u00f3n.\u00a0<\/span><\/a><\/u><\/p>\n<\/div><\/div><\/div><\/div><\/div><div class=\"w-tabs-section\" id=\"m028\"><button class=\"w-tabs-section-header\" aria-controls=\"content-m028\" aria-expanded=\"false\"><div class=\"w-tabs-section-title\">7. \u00bfPuede aportar documentos relacionados?<\/div><div class=\"w-tabs-section-control\"><\/div><\/button><div  class=\"w-tabs-section-content\" id=\"content-m028\"><div class=\"w-tabs-section-content-h i-cf\"><div class=\"wpb_text_column us_custom_da7ceeb3\"><div class=\"wpb_wrapper\"><p><span>S\u00ed, podemos proporcionarle archivos de certificados si los necesita. Por supuesto,\u00a0<\/span><u><a href=\"https:\/\/www.nbqxhy.com\/es\/download.html\/\" target=\"_blank\" rel=\"noopener\"><span>tambi\u00e9n puede descargar nuestros documentos.\u00a0<\/span><\/a><\/u><\/p>\n<\/div><\/div><\/div><\/div><\/div><div class=\"w-tabs-section\" id=\"o0f9\"><button class=\"w-tabs-section-header\" aria-controls=\"content-o0f9\" aria-expanded=\"false\"><div class=\"w-tabs-section-title\">8. \u00bfCu\u00e1l es su plazo de entrega?<\/div><div class=\"w-tabs-section-control\"><\/div><\/button><div  class=\"w-tabs-section-content\" id=\"content-o0f9\"><div class=\"w-tabs-section-content-h i-cf\"><div class=\"wpb_text_column us_custom_da7ceeb3\"><div class=\"wpb_wrapper\"><p><span>Nuestro plazo de entrega oscila entre 25 y 50 d\u00edas. Depende de sus necesidades.<\/span><\/p>\n<\/div><\/div><\/div><\/div><\/div><div class=\"w-tabs-section\" id=\"x1f4\"><button class=\"w-tabs-section-header\" aria-controls=\"content-x1f4\" aria-expanded=\"false\"><div class=\"w-tabs-section-title\">9. \u00bfY los gastos de env\u00edo?<\/div><div class=\"w-tabs-section-control\"><\/div><\/button><div  class=\"w-tabs-section-content\" id=\"content-x1f4\"><div class=\"w-tabs-section-content-h i-cf\"><div class=\"wpb_text_column us_custom_da7ceeb3\"><div class=\"wpb_wrapper\"><p><span>Suministramos entrega urgente, transporte a\u00e9reo, env\u00edo mar\u00edtimo al puerto, servicio puerta a puerta. Compararemos profesionalmente el transporte mar\u00edtimo para que los clientes elijan. Para grandes cantidades de pedidos, el transporte mar\u00edtimo es la mejor opci\u00f3n.\u00a0<\/span><u><a href=\"https:\/\/www.nbqxhy.com\/es\/contact.html\/\" target=\"_blank\" rel=\"noopener\"><span>Por favor, ind\u00edqueme los productos y la cantidad que necesita, para que podamos ofrecerle el plan de env\u00edo m\u00e1s asequible.<\/span><\/a><\/u><\/p>\n<\/div><\/div><\/div><\/div><\/div><div class=\"w-tabs-section\" id=\"e2d6\"><button class=\"w-tabs-section-header\" aria-controls=\"content-e2d6\" aria-expanded=\"false\"><div class=\"w-tabs-section-title\">10. \u00bfQu\u00e9 condiciones de pago acepta?<\/div><div class=\"w-tabs-section-control\"><\/div><\/button><div  class=\"w-tabs-section-content\" id=\"content-e2d6\"><div class=\"w-tabs-section-content-h i-cf\"><div class=\"wpb_text_column us_custom_da7ceeb3\"><div class=\"wpb_wrapper\"><p><span>L\/C, T\/T, Western Union, Paypal est\u00e1n disponibles.<\/span><\/p>\n<\/div><\/div><\/div><\/div><\/div><div class=\"w-tabs-section\" id=\"d434\"><button class=\"w-tabs-section-header\" aria-controls=\"content-d434\" aria-expanded=\"false\"><div class=\"w-tabs-section-title\">11. \u00bfC\u00f3mo resolver el problema de la calidad?<\/div><div class=\"w-tabs-section-control\"><\/div><\/button><div  class=\"w-tabs-section-content\" id=\"content-d434\"><div class=\"w-tabs-section-content-h i-cf\"><div class=\"wpb_text_column us_custom_da7ceeb3\"><div class=\"wpb_wrapper\"><p><span>Antes de producir el pedido, investigaremos las necesidades y requisitos espec\u00edficos del cliente y ejecutaremos el pedido de acuerdo con la demanda desde el principio. Tambi\u00e9n se enviar\u00e1n muestras a los clientes para confirmar la calidad.<\/span><\/p>\n<p><span>Inspeccionamos estrictamente los productos durante el proceso de producci\u00f3n. Por lo tanto, la calidad del producto est\u00e1 garantizada. Por supuesto, si el producto que recibe no cumple sus requisitos, cooperaremos activamente, lo sustituiremos o compensaremos. <\/span><\/p>\n<p><span>Honestidad, actitud responsable y consideraci\u00f3n son nuestros compromisos constantes.<\/span><\/p>\n<p><u><a href=\"https:\/\/www.nbqxhy.com\/es\/contact.html\/\" target=\"_blank\" rel=\"noopener\"><span>Si le interesa saber c\u00f3mo inspeccionamos los productos, p\u00f3ngase en contacto con nosotros, estaremos encantados de compartirlo.<\/span><\/a><\/u><\/p>\n<\/div><\/div><\/div><\/div><\/div><div class=\"w-tabs-section\" id=\"w546\"><button class=\"w-tabs-section-header\" aria-controls=\"content-w546\" aria-expanded=\"false\"><div class=\"w-tabs-section-title\">12. \u00bfDisponen de un servicio personalizado?<\/div><div class=\"w-tabs-section-control\"><\/div><\/button><div  class=\"w-tabs-section-content\" id=\"content-w546\"><div class=\"w-tabs-section-content-h i-cf\"><div class=\"wpb_text_column us_custom_da7ceeb3\"><div class=\"wpb_wrapper\"><p><span>S\u00ed, personalizar\u00e9 los productos seg\u00fan las necesidades del cliente.<\/span><br \/>\n<span>Tenemos muchos casos de proyectos personalizados,\u00a0<\/span><u><a href=\"https:\/\/www.nbqxhy.com\/es\/contact.html\/\" target=\"_blank\" rel=\"noopener\"><span>p\u00f3ngase en contacto conmigo para conocer m\u00e1s detalles.\u00a0<\/span><\/a><\/u><\/p>\n<\/div><\/div><\/div><\/div><\/div><div class=\"w-tabs-section\" id=\"w675\"><button class=\"w-tabs-section-header\" aria-controls=\"content-w675\" aria-expanded=\"false\"><div class=\"w-tabs-section-title\">13. Si no encuentro el producto que quiero en su sitio web, \u00bfqu\u00e9 debo hacer?<\/div><div class=\"w-tabs-section-control\"><\/div><\/button><div  class=\"w-tabs-section-content\" id=\"content-w675\"><div class=\"w-tabs-section-content-h i-cf\"><div class=\"wpb_text_column us_custom_da7ceeb3\"><div class=\"wpb_wrapper\"><p><span>Nuestro sitio web a\u00fan se est\u00e1 actualizando, por lo que la lista de productos no es exhaustiva.\u00a0<\/span><u><a href=\"https:\/\/www.nbqxhy.com\/es\/contact.html\/\" target=\"_blank\" rel=\"noopener\"><span>D\u00edgame qu\u00e9 producto necesita<\/span><\/a><\/u><span>y le dar\u00e9 m\u00e1s informaci\u00f3n.<\/span><\/p>\n<p><span>Adem\u00e1s, en el caso de los productos que no tenemos, ofrecemos a nuestros clientes un servicio de asistencia para la adquisici\u00f3n. Por lo tanto, no se preocupe, obtendr\u00e1 el producto que desea.\u00a0<\/span><\/p>\n<\/div><\/div><\/div><\/div><\/div><div class=\"w-tabs-section\" id=\"n74f\"><button class=\"w-tabs-section-header\" aria-controls=\"content-n74f\" aria-expanded=\"false\"><div class=\"w-tabs-section-title\">14. \u00bfPuedo ser su distribuidor?<\/div><div class=\"w-tabs-section-control\"><\/div><\/button><div  class=\"w-tabs-section-content\" id=\"content-n74f\"><div class=\"w-tabs-section-content-h i-cf\"><div class=\"wpb_text_column us_custom_da7ceeb3\"><div class=\"wpb_wrapper\"><p><span>S\u00ed, nos complace cooperar con clientes de todo el mundo.<\/span><\/p>\n<\/div><\/div><\/div><\/div><\/div><div class=\"w-tabs-section\" id=\"x812\"><button class=\"w-tabs-section-header\" aria-controls=\"content-x812\" aria-expanded=\"false\"><div class=\"w-tabs-section-title\">15. \u00bfCu\u00e1l es la direcci\u00f3n de su empresa?<\/div><div class=\"w-tabs-section-control\"><\/div><\/button><div  class=\"w-tabs-section-content\" id=\"content-x812\"><div class=\"w-tabs-section-content-h i-cf\"><div class=\"wpb_text_column us_custom_da7ceeb3\"><div class=\"wpb_wrapper\"><p><span>Nuestra empresa se encuentra en la provincia china de Ningbo Zhejiang.<\/span><\/p>\n<\/div><\/div><\/div><\/div><\/div><div class=\"w-tabs-section\" id=\"i94b\"><button class=\"w-tabs-section-header\" aria-controls=\"content-i94b\" aria-expanded=\"false\"><div class=\"w-tabs-section-title\">16. 16. \u00bfC\u00f3mo puedo ponerme en contacto con ustedes?<\/div><div class=\"w-tabs-section-control\"><\/div><\/button><div  class=\"w-tabs-section-content\" id=\"content-i94b\"><div class=\"w-tabs-section-content-h i-cf\"><div class=\"wpb_text_column us_custom_da7ceeb3\"><div class=\"wpb_wrapper\"><p><span>Puede\u00a0<\/span><u><a href=\"https:\/\/www.nbqxhy.com\/es\/contact.html\/\" target=\"_blank\" rel=\"noopener\"><span>env\u00edenos un correo electr\u00f3nico\u00a0<\/span><\/a><\/u><span>en cualquier momento para hacernos cualquier pregunta, le responderemos en el menor tiempo posible.<\/span> <span>Correo electr\u00f3nico:\u00a0<a href=\"mailto:sales@nbqxhy.com\">sales@nbqxhy.com<\/a><\/span> WhatsAapp<span>: <a href=\"https:\/\/wa.me\/8618867873336\">+86-18867873336<\/a><\/span><\/p>\n<\/div><\/div><\/div><\/div><\/div><\/div><\/div><\/div><\/div><\/div><\/div><\/section>","protected":false},"excerpt":{"rendered":"FAQPreguntas frecuentesA continuaci\u00f3n encontrar\u00e1 algunas preguntas frecuentes sobre nuestra empresa 1. \u00bfSon fabricantes o comerciantes? Somos fabricantes y tenemos nuestra propia f\u00e1brica. 2. Seg\u00fan los diferentes productos, materiales, tama\u00f1os e incluso MOQ, nuestros precios son diferentes. De todos modos, nuestro precio es muy competitivo. P\u00f3ngase en contacto conmigo si desea...","protected":false},"author":1,"featured_media":0,"parent":0,"menu_order":0,"comment_status":"closed","ping_status":"closed","template":"","meta":{"_acf_changed":false,"footnotes":""},"class_list":["post-190","page","type-page","status-publish","hentry"],"acf":[],"_links":{"self":[{"href":"https:\/\/www.nbqxhy.com\/es\/wp-json\/wp\/v2\/pages\/190","targetHints":{"allow":["GET"]}}],"collection":[{"href":"https:\/\/www.nbqxhy.com\/es\/wp-json\/wp\/v2\/pages"}],"about":[{"href":"https:\/\/www.nbqxhy.com\/es\/wp-json\/wp\/v2\/types\/page"}],"author":[{"embeddable":true,"href":"https:\/\/www.nbqxhy.com\/es\/wp-json\/wp\/v2\/users\/1"}],"replies":[{"embeddable":true,"href":"https:\/\/www.nbqxhy.com\/es\/wp-json\/wp\/v2\/comments?post=190"}],"version-history":[{"count":17,"href":"https:\/\/www.nbqxhy.com\/es\/wp-json\/wp\/v2\/pages\/190\/revisions"}],"predecessor-version":[{"id":2849,"href":"https:\/\/www.nbqxhy.com\/es\/wp-json\/wp\/v2\/pages\/190\/revisions\/2849"}],"wp:attachment":[{"href":"https:\/\/www.nbqxhy.com\/es\/wp-json\/wp\/v2\/media?parent=190"}],"curies":[{"name":"wp","href":"https:\/\/api.w.org\/{rel}","templated":true}]}}