{"id":152,"date":"2025-07-14T03:28:23","date_gmt":"2025-07-14T03:28:23","guid":{"rendered":"https:\/\/nbqxhy.com\/?page_id=152"},"modified":"2025-09-03T08:07:25","modified_gmt":"2025-09-03T08:07:25","slug":"contact","status":"publish","type":"page","link":"https:\/\/www.nbqxhy.com\/es\/contact.html","title":{"rendered":"P\u00f3ngase en contacto con"},"content":{"rendered":"<section class=\"l-section wpb_row us_custom_67a57cdd height_medium\"><div class=\"l-section-overlay\" style=\"background:rgba(0, 0, 0, 0.3)\"><\/div><div class=\"l-section-h i-cf\"><div class=\"g-cols vc_row via_grid cols_1 laptops-cols_inherit tablets-cols_inherit mobiles-cols_1 valign_middle type_default stacking_default\"><div class=\"wpb_column vc_column_container\"><div class=\"vc_column-inner\"><h1 class=\"w-text us_custom_fa097b28 has_text_color\"><span class=\"w-text-h\"><span class=\"w-text-value\">P\u00f3ngase en contacto con nosotros<\/span><\/span><\/h1><\/div><\/div><\/div><\/div><\/section><section class=\"l-section wpb_row height_medium width_custom\" style=\"--site-content-width:1200px;\"><div class=\"l-section-h i-cf\"><div class=\"g-cols vc_row via_grid cols_2-1 laptops-cols_inherit tablets-cols_inherit mobiles-cols_1 valign_top type_default stacking_default\"><div class=\"wpb_column vc_column_container\"><div class=\"vc_column-inner\"><div class=\"w-text us_custom_2b53f99d has_text_color\"><span class=\"w-text-h\"><span class=\"w-text-value\">\u00bfNecesita ayuda? P\u00f3ngase en contacto con nosotros.<\/span><\/span><\/div><div class=\"wpb_text_column\"><div class=\"wpb_wrapper\">\n<div class=\"wpcf7 no-js\" id=\"wpcf7-f164-o1\" lang=\"en-GB\" dir=\"ltr\" data-wpcf7-id=\"164\">\n<div class=\"screen-reader-response\"><p role=\"status\" aria-live=\"polite\" aria-atomic=\"true\"><\/p> <ul><\/ul><\/div>\n<form action=\"\/es\/wp-json\/wp\/v2\/pages\/152#wpcf7-f164-o1\" method=\"post\" class=\"wpcf7-form init\" aria-label=\"Formulario de contacto\" novalidate=\"novalidate\" data-status=\"init\" data-trp-original-action=\"\/es\/wp-json\/wp\/v2\/pages\/152#wpcf7-f164-o1\">\n<fieldset class=\"hidden-fields-container\"><input type=\"hidden\" name=\"_wpcf7\" value=\"164\" \/><input type=\"hidden\" name=\"_wpcf7_version\" value=\"6.1.4\" \/><input type=\"hidden\" name=\"_wpcf7_locale\" value=\"en_GB\" \/><input type=\"hidden\" name=\"_wpcf7_unit_tag\" value=\"wpcf7-f164-o1\" \/><input type=\"hidden\" name=\"_wpcf7_container_post\" value=\"0\" \/><input type=\"hidden\" name=\"_wpcf7_posted_data_hash\" value=\"\" \/><input type=\"hidden\" name=\"_wpcf7dtx_version\" value=\"5.0.5\" \/><input type=\"hidden\" name=\"_wpcf7_recaptcha_response\" value=\"\" \/>\n<\/fieldset>\n<div class=\"one_list\">\n\t<p><span class=\"wpcf7-form-control-wrap\" data-name=\"text-163\"><input size=\"40\" maxlength=\"400\" class=\"wpcf7-form-control wpcf7-text wpcf7-validates-as-required name_1\" autocomplete=\"name\" aria-required=\"true\" aria-invalid=\"false\" placeholder=\"Nombre\" value=\"\" type=\"text\" name=\"text-163\" \/><\/span><br \/>\n<span class=\"wpcf7-form-control-wrap\" data-name=\"email-325\"><input size=\"40\" maxlength=\"400\" class=\"wpcf7-form-control wpcf7-email wpcf7-validates-as-required wpcf7-text wpcf7-validates-as-email email_1\" aria-required=\"true\" aria-invalid=\"false\" placeholder=\"Correo electr\u00f3nico\" value=\"\" type=\"email\" name=\"email-325\" \/><\/span><br \/>\n<span class=\"wpcf7-form-control-wrap\" data-name=\"text-581\"><input size=\"40\" maxlength=\"400\" class=\"wpcf7-form-control wpcf7-text wpcf7-validates-as-required country_1\" aria-required=\"true\" aria-invalid=\"false\" placeholder=\"Pa\u00eds\" value=\"\" type=\"text\" name=\"text-581\" \/><\/span>\n\t<\/p>\n<\/div>\n<p><span class=\"wpcf7-form-control-wrap\" data-name=\"textarea-661\"><textarea cols=\"40\" rows=\"10\" maxlength=\"2000\" class=\"wpcf7-form-control wpcf7-textarea wpcf7-validates-as-required message_1\" aria-required=\"true\" aria-invalid=\"false\" placeholder=\"Mensaje\" name=\"textarea-661\"><\/textarea><\/span>\n<\/p>\n<div>\n\t<p>Por favor, sea m\u00e1s espec\u00edfico, por ejemplo<br \/>\n1. Informaci\u00f3n personal o empresarial<br \/>\n2. Proporcionar la solicitud del producto con gran detalle<br \/>\n3. Solicitud de MOQ, precio unitario, etc.\n\t<\/p>\n<\/div>\n<div style=\"display:none\">\n<span class=\"wpcf7-form-control-wrap your-url\" data-name=\"your-url\"><input type=\"hidden\" name=\"your-url\" class=\"wpcf7-form-control wpcf7-hidden wpcf7dtx wpcf7dtx-hidden\" aria-invalid=\"false\" value=\"https:\/\/www.nbqxhy.com\/es\/es\/wp-json\/wp\/v2\/pages\/152\"><\/span>\n<\/div>\n<p><input class=\"wpcf7-form-control wpcf7-submit has-spinner submit_1\" type=\"submit\" value=\"Enviar mensaje\" \/>\n<\/p><div class=\"wpcf7-response-output\" aria-hidden=\"true\"><\/div>\n<input type=\"hidden\" name=\"trp-form-language\" value=\"es\"\/><\/form>\n<\/div>\n\n<\/div><\/div><\/div><\/div><div class=\"wpb_column vc_column_container type_sticky\"><div class=\"vc_column-inner\"><div class=\"w-vwrapper us_custom_dc51063d iconColor align_none valign_top\" style=\"--vwrapper-gap:0rem\"><div class=\"w-text us_custom_069a9890 has_text_color\"><span class=\"w-text-h\"><span class=\"w-text-value\">\u00bfAQU\u00cd ESTAMOS?<\/span><\/span><\/div><div class=\"w-text us_custom_069a9890 has_text_color\"><span class=\"w-text-h\"><span class=\"w-text-value\">PONERSE EN CONTACTO<\/span><\/span><\/div><div class=\"w-separator size_small\"><\/div><div class=\"w-text us_custom_df5f4c97 has_text_color icon_atleft\"><a href=\"#mapdiv\" class=\"w-text-h\"><i class=\"fas fa-map\"><\/i><span class=\"w-text-value\">No. 5, Parque Industrial Norte, Wumengcun, Distrito de Beilun, Ningbo, Provincia de Zhejiang, China<\/span><\/a><\/div><div class=\"w-text us_custom_51f4dafa has_text_color icon_atleft\"><a target=\"_blank\" href=\"https:\/\/wa.me\/8618867873336\" class=\"w-text-h\"><i class=\"fab fa-whatsapp\"><\/i><span class=\"w-text-value\">86 18867873336<\/span><\/a><\/div><div class=\"w-text us_custom_df5f4c97 has_text_color icon_atleft\"><a href=\"mailto:sales@nbqxhy.com\" class=\"w-text-h\"><i class=\"fas fa-envelope\"><\/i><span class=\"w-text-value\">sales@nbqxhy.com<\/span><\/a><\/div><\/div><\/div><\/div><\/div><\/div><\/section><section class=\"l-section wpb_row height_auto width_full\"><div class=\"l-section-h i-cf\"><div class=\"g-cols vc_row via_grid cols_1 laptops-cols_inherit tablets-cols_inherit mobiles-cols_1 valign_top type_default stacking_default\"><div class=\"wpb_column vc_column_container\" id=\"mapdiv\"><div class=\"vc_column-inner\"><div class=\"w-map provider_osm\" id=\"us_map_1\"><div class=\"w-map-inner\"><div class=\"w-map-json\" onclick='return {&quot;address&quot;:&quot;29.874360643693315, 121.70614067532755&quot;,&quot;disableDragging&quot;:0,&quot;disableZoom&quot;:0,&quot;hideControls&quot;:0,&quot;zoom&quot;:14,&quot;markers&quot;:[{&quot;address&quot;:&quot;29.874360643693315, 121.70614067532755&quot;,&quot;html&quot;:&quot;&quot;,&quot;infowindow&quot;:0}],&quot;style&quot;:&quot;https:\\\/\\\/{s}.tile.openstreetmap.org\\\/{z}\\\/{x}\\\/{y}.png&quot;}'><\/div><\/div><\/div><\/div><\/div><\/div><\/div><\/section>","protected":false},"excerpt":{"rendered":"Contacto\u00bfNecesita ayuda? P\u00f3ngase en contacto con nosotros. Por favor, sea m\u00e1s espec\u00edfico, como 1. Informaci\u00f3n personal o de negocios 2. Informaci\u00f3n de contacto Proporcionar solicitud de producto con gran detalle 3. P\u00f3ngase en contacto con nosotrosNo. 5, North Industrial Park, Wumengcun, Beilun District, Ningbo, provincia de Zhejiang, China86 18867873336sales@nbqxhy.com","protected":false},"author":1,"featured_media":0,"parent":0,"menu_order":0,"comment_status":"closed","ping_status":"closed","template":"","meta":{"_acf_changed":false,"footnotes":""},"class_list":["post-152","page","type-page","status-publish","hentry"],"acf":[],"_links":{"self":[{"href":"https:\/\/www.nbqxhy.com\/es\/wp-json\/wp\/v2\/pages\/152","targetHints":{"allow":["GET"]}}],"collection":[{"href":"https:\/\/www.nbqxhy.com\/es\/wp-json\/wp\/v2\/pages"}],"about":[{"href":"https:\/\/www.nbqxhy.com\/es\/wp-json\/wp\/v2\/types\/page"}],"author":[{"embeddable":true,"href":"https:\/\/www.nbqxhy.com\/es\/wp-json\/wp\/v2\/users\/1"}],"replies":[{"embeddable":true,"href":"https:\/\/www.nbqxhy.com\/es\/wp-json\/wp\/v2\/comments?post=152"}],"version-history":[{"count":26,"href":"https:\/\/www.nbqxhy.com\/es\/wp-json\/wp\/v2\/pages\/152\/revisions"}],"predecessor-version":[{"id":2422,"href":"https:\/\/www.nbqxhy.com\/es\/wp-json\/wp\/v2\/pages\/152\/revisions\/2422"}],"wp:attachment":[{"href":"https:\/\/www.nbqxhy.com\/es\/wp-json\/wp\/v2\/media?parent=152"}],"curies":[{"name":"wp","href":"https:\/\/api.w.org\/{rel}","templated":true}]}}